{"id":288,"date":"2024-11-24T20:03:55","date_gmt":"2024-11-24T19:03:55","guid":{"rendered":"https:\/\/merrylhotel.com\/new\/situation\/"},"modified":"2025-10-16T11:31:08","modified_gmt":"2025-10-16T09:31:08","slug":"ubicacion","status":"publish","type":"page","link":"https:\/\/www.merrylhotel.com\/es\/ubicacion\/","title":{"rendered":"Situation"},"content":{"rendered":"\n\n\t<section class=\"section\" id=\"section_1964259\">\n\t\t<div class=\"section-bg fill\" >\n\t\t\t\t\t\t\t\t\t\n\t\t\t\n\n\t\t<\/div>\n\n\t\t\n\n\t\t<div class=\"section-content relative\">\n\t\t\t\n\n<div class=\"row row-collapse row-full-width\"  id=\"row-141676704\">\n\n\n\t<div id=\"col-1246670288\" class=\"col small-12 large-12\"  data-animate=\"fadeInUp\">\n\t\t\t\t<div class=\"col-inner\"  >\n\t\t\t\n\t\t\t\n\n\n\n<iframe src=\"https:\/\/www.google.com\/maps\/embed?pb=!1m18!1m12!1m3!1d66817.05451055864!2d2.2820357644096276!3d48.86420041498621!2m3!1f0!2f0!3f0!3m2!1i1024!2i768!4f13.1!3m3!1m2!1s0x47e66e7064f5f401%3A0xcb7328dfcb198be5!2s7-9%20Rue%20Pajol%2C%2075018%20Paris!5e0!3m2!1sfr!2sfr!4v1732618005434!5m2!1sfr!2sfr\" width=\"100%\" height=\"450\" style=\"border:0;\" allowfullscreen=\"\" loading=\"lazy\" referrerpolicy=\"no-referrer-when-downgrade\"><\/iframe>\n\n\n\t\t<\/div>\n\t\t\t\t\t<\/div>\n\n\t\n\n<\/div>\n\n\t\t<\/div>\n\n\t\t\n<style>\n#section_1964259 {\n  padding-top: 0px;\n  padding-bottom: 0px;\n}\n<\/style>\n\t<\/section>\n\t\n<div class=\"resa-home\">\r\n<h3>Reserva directamente<\/h3>\r\n<form id=\"AVP\" method=\"post\" action=\"https:\/\/www.secure-hotel-booking.com\/Hotel-Merryl\/J1EE\/search\" onsubmit=\"if(_gaq!=null)_gaq.push(['_linkByPost', this]);\" target=\"_blank\"><input type=\"hidden\" id=\"language\" name=\"language\" value=\"es\" \/><input type=\"hidden\" id=\"AVP_arrivalDate\" name=\"arrivalDate\" value=\"\" \/><input type=\"hidden\" id=\"AVP_nights\" name=\"nights\" value=\"\" \/><input type=\"hidden\" id=\"guestCountSelector\" name=\"guestCountSelector\" value=\"ReadOnly\" \/><\/p>\r\n<div class=\"input-resa-home\"><input id=\"date\" class=\"asDatePicker\" name=\"date-arrivee\" type=\"text\" placeholder=\"Fecha de llegada\" \/><i class=\"fa fa-calendar\"><\/i><\/div>\r\n<div class=\"input-resa-home\"><input id=\"date2\" class=\"asDatePicker\" name=\"date-depart\" type=\"text\" placeholder=\"Fecha de salida\" \/><i class=\"fa fa-calendar\"><\/i><\/div>\r\n<div class=\"input-resa-home\"><i class=\"fa fa-user\"><\/i><select id=\"selectedAdultCount\" name=\"selectedAdultCount\"><\/select><\/div>\r\n<div class=\"input-resa-home\"><input type=\"text\" id=\"rate\" name=\"rate\" value=\"\" placeholder=\"C\u00d3DIGO PROMOCIONAL\" onClick=\"javascript:value=''\" class=\"promo-code\" \/><\/div>\r\n<div class=\"input-resa-home\"><input type=\"submit\" value=\"Reservar\" onclick=\"validate();\" \/><\/div>\r\n<div class=\"cancel-resa\"><a href=\"https:\/\/www.secure-hotel-booking.com\/modification\/Hotel-Merryl\/J1EE?language=es\" target=\"_blank\" rel=\"noopener\">Cancelar<\/a> <\/div>\r\n<p><script type=\"text\/javascript\" src=\"https:\/\/merrylhotel.com\/availpro\/availpro.js\"><\/script><script src=\"https:\/\/merrylhotel.com\/availpro\/jquery-ui.js\"><\/script><script src=\"https:\/\/merrylhotel.com\/availpro\/i18n\/datepicker-es.js\"><\/script><link rel=\"stylesheet\" id=\"jquery-ui-css\" href=\"https:\/\/merrylhotel.com\/availpro\/jquery-ui.css\" \/>\r\n<\/form>\r\n<h3 class=\"avantages\">Mejor precio garantizado<\/h3>\r\n<\/div>\n\n\n\t<section class=\"section\" id=\"section_37690071\">\n\t\t<div class=\"section-bg fill\" >\n\t\t\t\t\t\t\t\t\t\n\t\t\t\n\t<div class=\"is-border\"\n\t\tstyle=\"border-width:0px 0px 0px 0px;\">\n\t<\/div>\n\n\t\t<\/div>\n\n\t\t\n\n\t\t<div class=\"section-content relative\">\n\t\t\t\n\n<div class=\"row align-middle align-center\"  id=\"row-993202541\">\n\n\n\t<div id=\"col-1979261535\" class=\"col medium-12 small-12 large-12\"  data-animate=\"fadeInLeft\">\n\t\t\t\t<div class=\"col-inner text-center text-shadow-1\"  >\n\t\t\t\n\t\t\t\n\n<div class=\"container section-title-container\" ><h1 class=\"section-title section-title-center\"><b><\/b><span class=\"section-title-main\" style=\"color:rgb(111, 126, 123);\"><i class=\"icon-map-pin-fill\" ><\/i>Ubicaci\u00f3n<\/span><b><\/b><\/h1><\/div>\n\n\n\t\t<\/div>\n\t\t\t\t\n<style>\n#col-1979261535 > .col-inner {\n  padding: 30px 50px 30px 50px;\n  max-width: 550px;\n}\n@media (min-width:850px) {\n  #col-1979261535 > .col-inner {\n    padding: 30px 50px 0px 50px;\n    max-width: 100%;\n  }\n}\n<\/style>\n\t<\/div>\n\n\t\n\n\t<div id=\"col-1689139901\" class=\"col medium-6 small-12 large-6\"  >\n\t\t\t\t<div class=\"col-inner\"  >\n\t\t\t\n\t\t\t\n\n<p style=\"text-align: left;\">ituado en una calle lateral del distrito 18 de Par\u00eds, el hotel est\u00e1 a s\u00f3lo 150 metros de la estaci\u00f3n de metro de La Chapelle. Dispone de habitaciones con ba\u00f1o al que se accede en ascensor.<\/p>\n<p>La Gare du Nord est\u00e1 a menos de 15 minutos a pie y cuenta con trenes Eurostar y Thalys. El Merryl H\u00f4tel est\u00e1 a s\u00f3lo 2 paradas de las estaciones de metro de La Chapelle o Anvers, que le llevar\u00e1n a Montmartre y a la famosa bas\u00edlica del Sacr\u00e9-Coeur.<\/p>\n<p>Este distrito (18\u00ba arrondissement) es una opci\u00f3n ideal para los viajeros interesados en estos temas: arquitectura, monumentos y arte.<\/p>\n\n\t\t<\/div>\n\t\t\t\t\t<\/div>\n\n\t\n\n\t<div id=\"col-1226864192\" class=\"col medium-6 small-12 large-6\"  >\n\t\t\t\t<div class=\"col-inner\"  >\n\t\t\t\n\t\t\t\n\n\t<div class=\"img has-hover x md-x lg-x y md-y lg-y\" id=\"image_831168076\">\n\t\t\t\t\t\t\t\t<div class=\"img-inner dark\" >\n\t\t\t<img decoding=\"async\" width=\"1020\" height=\"765\" src=\"https:\/\/www.merrylhotel.com\/wp-content\/uploads\/2024\/11\/52912116-1024x768.jpg\" class=\"attachment-large size-large\" alt=\"\" srcset=\"https:\/\/www.merrylhotel.com\/wp-content\/uploads\/2024\/11\/52912116-1024x768.jpg 1024w, https:\/\/www.merrylhotel.com\/wp-content\/uploads\/2024\/11\/52912116-300x225.jpg 300w, https:\/\/www.merrylhotel.com\/wp-content\/uploads\/2024\/11\/52912116-768x576.jpg 768w, https:\/\/www.merrylhotel.com\/wp-content\/uploads\/2024\/11\/52912116.jpg 1200w\" sizes=\"(max-width: 1020px) 100vw, 1020px\" \/>\t\t\t\t\t\t\n\t\t\t\t\t<\/div>\n\t\t\t\t\t\t\t\t\n<style>\n#image_831168076 {\n  width: 100%;\n}\n<\/style>\n\t<\/div>\n\t\n\n\n\t\t<\/div>\n\t\t\t\t\t<\/div>\n\n\t\n\n\t<div id=\"col-1270819235\" class=\"col small-12 large-12\"  >\n\t\t\t\t<div class=\"col-inner\"  >\n\t\t\t\n\t\t\t\n\n\n\n<div id=\"effia_widget\" data-language=\"fr\" data-widget-key=\"d826708e-7c30-4351-b23f-fc6aa7be7a3a\"><\/div>\n<script src=\"https:\/\/www.effia.com\/libraries_ext\/booking_widget_library_ext.js \"><\/script>\n\n\n\t\t<\/div>\n\t\t\t\t\t<\/div>\n\n\t\n\n<\/div>\n\n\t\t<\/div>\n\n\t\t\n<style>\n#section_37690071 {\n  padding-top: 60px;\n  padding-bottom: 60px;\n  background-color: #fffbf2;\n}\n<\/style>\n\t<\/section>\n\t\n\n","protected":false},"excerpt":{"rendered":"","protected":false},"author":1,"featured_media":0,"parent":0,"menu_order":0,"comment_status":"closed","ping_status":"closed","template":"page-blank.php","meta":{"footnotes":""},"class_list":["post-288","page","type-page","status-publish","hentry"],"yoast_head":"<!-- This site is optimized with the Yoast SEO plugin v24.8.1 - https:\/\/yoast.com\/wordpress\/plugins\/seo\/ -->\n<title>Ubicaci\u00f3n del hotel Merryl Paris, cerca de la Gare du Nord<\/title>\n<meta name=\"description\" content=\"Situado en una calle lateral del distrito 18 de Par\u00eds, el hotel est\u00e1 a s\u00f3lo 150 metros de la estaci\u00f3n de metro de La Chapelle.\" \/>\n<meta name=\"robots\" content=\"index, follow, max-snippet:-1, max-image-preview:large, max-video-preview:-1\" \/>\n<link rel=\"canonical\" href=\"https:\/\/www.merrylhotel.com\/es\/ubicacion\/\" \/>\n<meta property=\"og:locale\" content=\"es_ES\" \/>\n<meta property=\"og:type\" content=\"article\" \/>\n<meta property=\"og:title\" content=\"Ubicaci\u00f3n del hotel Merryl Paris, cerca de la Gare du Nord\" \/>\n<meta property=\"og:description\" content=\"Situado en una calle lateral del distrito 18 de Par\u00eds, el hotel est\u00e1 a s\u00f3lo 150 metros de la estaci\u00f3n de metro de La Chapelle.\" \/>\n<meta property=\"og:url\" content=\"https:\/\/www.merrylhotel.com\/es\/ubicacion\/\" \/>\n<meta property=\"og:site_name\" content=\"H\u00f4tel Merryl\" \/>\n<meta property=\"article:modified_time\" content=\"2025-10-16T09:31:08+00:00\" \/>\n<meta name=\"twitter:card\" content=\"summary_large_image\" \/>\n<meta name=\"twitter:label1\" content=\"Tiempo de lectura\" \/>\n\t<meta name=\"twitter:data1\" content=\"1 minuto\" \/>\n<script type=\"application\/ld+json\" class=\"yoast-schema-graph\">{\"@context\":\"https:\/\/schema.org\",\"@graph\":[{\"@type\":\"WebPage\",\"@id\":\"https:\/\/www.merrylhotel.com\/es\/ubicacion\/\",\"url\":\"https:\/\/www.merrylhotel.com\/es\/ubicacion\/\",\"name\":\"Ubicaci\u00f3n del hotel Merryl Paris, cerca de la Gare du Nord\",\"isPartOf\":{\"@id\":\"https:\/\/www.merrylhotel.com\/#website\"},\"datePublished\":\"2024-11-24T19:03:55+00:00\",\"dateModified\":\"2025-10-16T09:31:08+00:00\",\"description\":\"Situado en una calle lateral del distrito 18 de Par\u00eds, el hotel est\u00e1 a s\u00f3lo 150 metros de la estaci\u00f3n de metro de La Chapelle.\",\"breadcrumb\":{\"@id\":\"https:\/\/www.merrylhotel.com\/es\/ubicacion\/#breadcrumb\"},\"inLanguage\":\"es\",\"potentialAction\":[{\"@type\":\"ReadAction\",\"target\":[\"https:\/\/www.merrylhotel.com\/es\/ubicacion\/\"]}]},{\"@type\":\"BreadcrumbList\",\"@id\":\"https:\/\/www.merrylhotel.com\/es\/ubicacion\/#breadcrumb\",\"itemListElement\":[{\"@type\":\"ListItem\",\"position\":1,\"name\":\"Accueil\",\"item\":\"https:\/\/www.merrylhotel.com\/es\/\"},{\"@type\":\"ListItem\",\"position\":2,\"name\":\"Situation\"}]},{\"@type\":\"WebSite\",\"@id\":\"https:\/\/www.merrylhotel.com\/#website\",\"url\":\"https:\/\/www.merrylhotel.com\/\",\"name\":\"H\u00f4tel Merryl\",\"description\":\"\",\"potentialAction\":[{\"@type\":\"SearchAction\",\"target\":{\"@type\":\"EntryPoint\",\"urlTemplate\":\"https:\/\/www.merrylhotel.com\/?s={search_term_string}\"},\"query-input\":{\"@type\":\"PropertyValueSpecification\",\"valueRequired\":true,\"valueName\":\"search_term_string\"}}],\"inLanguage\":\"es\"}]}<\/script>\n<!-- \/ Yoast SEO plugin. -->","yoast_head_json":{"title":"Ubicaci\u00f3n del hotel Merryl Paris, cerca de la Gare du Nord","description":"Situado en una calle lateral del distrito 18 de Par\u00eds, el hotel est\u00e1 a s\u00f3lo 150 metros de la estaci\u00f3n de metro de La Chapelle.","robots":{"index":"index","follow":"follow","max-snippet":"max-snippet:-1","max-image-preview":"max-image-preview:large","max-video-preview":"max-video-preview:-1"},"canonical":"https:\/\/www.merrylhotel.com\/es\/ubicacion\/","og_locale":"es_ES","og_type":"article","og_title":"Ubicaci\u00f3n del hotel Merryl Paris, cerca de la Gare du Nord","og_description":"Situado en una calle lateral del distrito 18 de Par\u00eds, el hotel est\u00e1 a s\u00f3lo 150 metros de la estaci\u00f3n de metro de La Chapelle.","og_url":"https:\/\/www.merrylhotel.com\/es\/ubicacion\/","og_site_name":"H\u00f4tel Merryl","article_modified_time":"2025-10-16T09:31:08+00:00","twitter_card":"summary_large_image","twitter_misc":{"Tiempo de lectura":"1 minuto"},"schema":{"@context":"https:\/\/schema.org","@graph":[{"@type":"WebPage","@id":"https:\/\/www.merrylhotel.com\/es\/ubicacion\/","url":"https:\/\/www.merrylhotel.com\/es\/ubicacion\/","name":"Ubicaci\u00f3n del hotel Merryl Paris, cerca de la Gare du Nord","isPartOf":{"@id":"https:\/\/www.merrylhotel.com\/#website"},"datePublished":"2024-11-24T19:03:55+00:00","dateModified":"2025-10-16T09:31:08+00:00","description":"Situado en una calle lateral del distrito 18 de Par\u00eds, el hotel est\u00e1 a s\u00f3lo 150 metros de la estaci\u00f3n de metro de La Chapelle.","breadcrumb":{"@id":"https:\/\/www.merrylhotel.com\/es\/ubicacion\/#breadcrumb"},"inLanguage":"es","potentialAction":[{"@type":"ReadAction","target":["https:\/\/www.merrylhotel.com\/es\/ubicacion\/"]}]},{"@type":"BreadcrumbList","@id":"https:\/\/www.merrylhotel.com\/es\/ubicacion\/#breadcrumb","itemListElement":[{"@type":"ListItem","position":1,"name":"Accueil","item":"https:\/\/www.merrylhotel.com\/es\/"},{"@type":"ListItem","position":2,"name":"Situation"}]},{"@type":"WebSite","@id":"https:\/\/www.merrylhotel.com\/#website","url":"https:\/\/www.merrylhotel.com\/","name":"H\u00f4tel Merryl","description":"","potentialAction":[{"@type":"SearchAction","target":{"@type":"EntryPoint","urlTemplate":"https:\/\/www.merrylhotel.com\/?s={search_term_string}"},"query-input":{"@type":"PropertyValueSpecification","valueRequired":true,"valueName":"search_term_string"}}],"inLanguage":"es"}]}},"_links":{"self":[{"href":"https:\/\/www.merrylhotel.com\/es\/wp-json\/wp\/v2\/pages\/288","targetHints":{"allow":["GET"]}}],"collection":[{"href":"https:\/\/www.merrylhotel.com\/es\/wp-json\/wp\/v2\/pages"}],"about":[{"href":"https:\/\/www.merrylhotel.com\/es\/wp-json\/wp\/v2\/types\/page"}],"author":[{"embeddable":true,"href":"https:\/\/www.merrylhotel.com\/es\/wp-json\/wp\/v2\/users\/1"}],"replies":[{"embeddable":true,"href":"https:\/\/www.merrylhotel.com\/es\/wp-json\/wp\/v2\/comments?post=288"}],"version-history":[{"count":4,"href":"https:\/\/www.merrylhotel.com\/es\/wp-json\/wp\/v2\/pages\/288\/revisions"}],"predecessor-version":[{"id":445,"href":"https:\/\/www.merrylhotel.com\/es\/wp-json\/wp\/v2\/pages\/288\/revisions\/445"}],"wp:attachment":[{"href":"https:\/\/www.merrylhotel.com\/es\/wp-json\/wp\/v2\/media?parent=288"}],"curies":[{"name":"wp","href":"https:\/\/api.w.org\/{rel}","templated":true}]}}