{"id":286,"date":"2024-11-24T20:03:37","date_gmt":"2024-11-24T19:03:37","guid":{"rendered":"https:\/\/merrylhotel.com\/new\/services\/"},"modified":"2025-03-21T15:58:32","modified_gmt":"2025-03-21T14:58:32","slug":"servicios","status":"publish","type":"page","link":"https:\/\/www.merrylhotel.com\/es\/servicios\/","title":{"rendered":"Services"},"content":{"rendered":"\n\n\t<section class=\"section\" id=\"section_668476245\">\n\t\t<div class=\"section-bg fill\" >\n\t\t\t\t\t\t\t\t\t\n\t\t\t\n\n\t\t<\/div>\n\n\t\t\n\n\t\t<div class=\"section-content relative\">\n\t\t\t\n\n<div class=\"row row-collapse row-full-width\"  id=\"row-995451947\">\n\n\n\t<div id=\"col-1946878927\" class=\"col small-12 large-12\"  data-animate=\"fadeInUp\">\n\t\t\t\t<div class=\"col-inner\"  >\n\t\t\t\n\t\t\t\n\n\n  <div class=\"banner has-hover\" id=\"banner-1116234999\">\n          <div class=\"banner-inner fill\">\n        <div class=\"banner-bg fill\" >\n            <img decoding=\"async\" width=\"1020\" height=\"765\" src=\"https:\/\/www.merrylhotel.com\/wp-content\/uploads\/2025\/03\/reception-merryl-hotel-paris-1024x768.jpg\" class=\"bg attachment-large size-large\" alt=\"\" \/>                                    \n                    <\/div>\n\t\t\n        <div class=\"banner-layers container\">\n            <div class=\"fill banner-link\"><\/div>            \n\n   <div id=\"text-box-1751559430\" class=\"text-box banner-layer x50 md-x50 lg-x50 y50 md-y50 lg-y50 res-text\">\n                                <div class=\"text-box-content text dark\">\n              \n              <div class=\"text-inner text-center\">\n                  \n\n\n              <\/div>\n           <\/div>\n                            \n<style>\n#text-box-1751559430 {\n  width: 60%;\n}\n#text-box-1751559430 .text-box-content {\n  font-size: 100%;\n}\n<\/style>\n    <\/div>\n \n\n        <\/div>\n      <\/div>\n\n            \n<style>\n#banner-1116234999 {\n  padding-top: 300px;\n}\n@media (min-width:550px) {\n  #banner-1116234999 {\n    padding-top: 420px;\n  }\n}\n<\/style>\n  <\/div>\n\n\n\n\t\t<\/div>\n\t\t\t\t\t<\/div>\n\n\t\n\n<\/div>\n\n\t\t<\/div>\n\n\t\t\n<style>\n#section_668476245 {\n  padding-top: 0px;\n  padding-bottom: 0px;\n}\n<\/style>\n\t<\/section>\n\t\n<div class=\"resa-home\">\r\n<h3>Reserva directamente<\/h3>\r\n<form id=\"AVP\" method=\"post\" action=\"https:\/\/www.secure-hotel-booking.com\/Hotel-Merryl\/J1EE\/search\" onsubmit=\"if(_gaq!=null)_gaq.push(['_linkByPost', this]);\" target=\"_blank\"><input type=\"hidden\" id=\"language\" name=\"language\" value=\"es\" \/><input type=\"hidden\" id=\"AVP_arrivalDate\" name=\"arrivalDate\" value=\"\" \/><input type=\"hidden\" id=\"AVP_nights\" name=\"nights\" value=\"\" \/><input type=\"hidden\" id=\"guestCountSelector\" name=\"guestCountSelector\" value=\"ReadOnly\" \/><\/p>\r\n<div class=\"input-resa-home\"><input id=\"date\" class=\"asDatePicker\" name=\"date-arrivee\" type=\"text\" placeholder=\"Fecha de llegada\" \/><i class=\"fa fa-calendar\"><\/i><\/div>\r\n<div class=\"input-resa-home\"><input id=\"date2\" class=\"asDatePicker\" name=\"date-depart\" type=\"text\" placeholder=\"Fecha de salida\" \/><i class=\"fa fa-calendar\"><\/i><\/div>\r\n<div class=\"input-resa-home\"><i class=\"fa fa-user\"><\/i><select id=\"selectedAdultCount\" name=\"selectedAdultCount\"><\/select><\/div>\r\n<div class=\"input-resa-home\"><input type=\"text\" id=\"rate\" name=\"rate\" value=\"\" placeholder=\"C\u00d3DIGO PROMOCIONAL\" onClick=\"javascript:value=''\" class=\"promo-code\" \/><\/div>\r\n<div class=\"input-resa-home\"><input type=\"submit\" value=\"Reservar\" onclick=\"validate();\" \/><\/div>\r\n<div class=\"cancel-resa\"><a href=\"https:\/\/www.secure-hotel-booking.com\/modification\/Hotel-Merryl\/J1EE?language=es\" target=\"_blank\" rel=\"noopener\">Cancelar<\/a> <\/div>\r\n<p><script type=\"text\/javascript\" src=\"https:\/\/merrylhotel.com\/availpro\/availpro.js\"><\/script><script src=\"https:\/\/merrylhotel.com\/availpro\/jquery-ui.js\"><\/script><script src=\"https:\/\/merrylhotel.com\/availpro\/i18n\/datepicker-es.js\"><\/script><link rel=\"stylesheet\" id=\"jquery-ui-css\" href=\"https:\/\/merrylhotel.com\/availpro\/jquery-ui.css\" \/>\r\n<\/form>\r\n<h3 class=\"avantages\">Mejor precio garantizado<\/h3>\r\n<\/div>\n\n\n\t<section class=\"section\" id=\"section_1601850918\">\n\t\t<div class=\"section-bg fill\" >\n\t\t\t\t\t\t\t\t\t\n\t\t\t\n\t<div class=\"is-border\"\n\t\tstyle=\"border-width:0px 0px 0px 0px;\">\n\t<\/div>\n\n\t\t<\/div>\n\n\t\t\n\n\t\t<div class=\"section-content relative\">\n\t\t\t\n\n<div class=\"row align-middle align-center\"  id=\"row-1545604592\">\n\n\n\t<div id=\"col-740078991\" class=\"col medium-12 small-12 large-12\"  data-animate=\"fadeInLeft\">\n\t\t\t\t<div class=\"col-inner text-center text-shadow-1\"  >\n\t\t\t\n\t\t\t\n\n<div class=\"container section-title-container\" ><h1 class=\"section-title section-title-center\"><b><\/b><span class=\"section-title-main\" style=\"color:rgb(111, 126, 123);\"><i class=\"icon-tag\" ><\/i>Our servicios<\/span><b><\/b><\/h1><\/div>\n\n\n\t\t<\/div>\n\t\t\t\t\n<style>\n#col-740078991 > .col-inner {\n  padding: 30px 50px 30px 50px;\n  max-width: 550px;\n}\n@media (min-width:850px) {\n  #col-740078991 > .col-inner {\n    padding: 30px 50px 30px 50px;\n    max-width: 100%;\n  }\n}\n<\/style>\n\t<\/div>\n\n\t\n\n<\/div>\n<div class=\"row row-large\"  id=\"row-352978695\">\n\n\n\t<div id=\"col-1480733908\" class=\"col medium-6 small-12 large-6\"  >\n\t\t\t\t<div class=\"col-inner text-left\"  >\n\t\t\t\n\t\t\t\n\n<p style=\"font-weight: 400;\"><strong>La recepci\u00f3n est\u00e1 abierta las 24 horas del d\u00eda <\/strong>y estar\u00e1 encantada de ayudarle con cualquier duda que pueda tener.<\/p>\n<p style=\"font-weight: 400;\"><strong>Idiomas hablados : <\/strong> Ingl\u00e9s, Franc\u00e9s, \u00c1rabe<\/p>\n<p style=\"font-weight: 400;\">Nuestro hotel acepta tarjetas de cr\u00e9dito (Visa, Mastercard, Amex). No se aceptan cheques bancarios.<\/p>\n<p style=\"font-weight: 400;\"><strong>Check in :<\/strong>&nbsp;Llegadas a partir de las 14:00.<\/p>\n<p style=\"font-weight: 400;\"><strong>Check out : <\/strong>Puede utilizar su habitaci\u00f3n hasta las 11:00 del d\u00eda de su salida.<\/p>\n<p style=\"font-weight: 400;\">No se admiten animales en el establecimiento.<\/p>\n<p style=\"font-weight: 400;\">Establecimiento totalmente para no fumadores.<\/p>\n\n\t\t<\/div>\n\t\t\t\t\t<\/div>\n\n\t\n\n\t<div id=\"col-638163975\" class=\"col medium-6 small-12 large-6\"  >\n\t\t\t\t<div class=\"col-inner\"  >\n\t\t\t\n\t\t\t\n\n\t<div class=\"img has-hover x md-x lg-x y md-y lg-y\" id=\"image_261754090\">\n\t\t\t\t\t\t\t\t<div class=\"img-inner image-cover dark\" style=\"padding-top:56.25%;\">\n\t\t\t<img decoding=\"async\" width=\"1020\" height=\"765\" src=\"https:\/\/www.merrylhotel.com\/wp-content\/uploads\/2025\/03\/reception-merryl-hotel-paris-1024x768.jpg\" class=\"attachment-large size-large\" alt=\"\" srcset=\"https:\/\/www.merrylhotel.com\/wp-content\/uploads\/2025\/03\/reception-merryl-hotel-paris-1024x768.jpg 1024w, https:\/\/www.merrylhotel.com\/wp-content\/uploads\/2025\/03\/reception-merryl-hotel-paris-300x225.jpg 300w, https:\/\/www.merrylhotel.com\/wp-content\/uploads\/2025\/03\/reception-merryl-hotel-paris-768x576.jpg 768w, https:\/\/www.merrylhotel.com\/wp-content\/uploads\/2025\/03\/reception-merryl-hotel-paris-1536x1152.jpg 1536w, https:\/\/www.merrylhotel.com\/wp-content\/uploads\/2025\/03\/reception-merryl-hotel-paris.jpg 1600w\" sizes=\"(max-width: 1020px) 100vw, 1020px\" \/>\t\t\t\t\t\t\n\t\t\t\t\t<\/div>\n\t\t\t\t\t\t\t\t\n<style>\n#image_261754090 {\n  width: 100%;\n}\n<\/style>\n\t<\/div>\n\t\n\n<h2>SERVICIO DE BEBIDAS<\/h2>\n<p>Disfrute de un servicio de bebidas fr\u00edas y calientes las 24 horas en la recepci\u00f3n de nuestro hotel.<\/p>\n<p> Tanto si busca un caf\u00e9 por la ma\u00f1ana, un t\u00e9 relajante o una bebida refrescante a cualquier hora, estamos aqu\u00ed para satisfacer sus necesidades.<\/p>\n\n\t\t<\/div>\n\t\t\t\t\t<\/div>\n\n\t\n\n<\/div>\n\n\t\t<\/div>\n\n\t\t\n<style>\n#section_1601850918 {\n  padding-top: 60px;\n  padding-bottom: 60px;\n  background-color: #fffbf2;\n}\n<\/style>\n\t<\/section>\n\t\n\n\t<section class=\"section\" id=\"section_1402838263\">\n\t\t<div class=\"section-bg fill\" >\n\t\t\t\t\t\t\t\t\t\n\t\t\t\n\n\t\t<\/div>\n\n\t\t\n\n\t\t<div class=\"section-content relative\">\n\t\t\t\n\n<div class=\"row\"  id=\"row-1280004087\">\n\n\n\t<div id=\"col-761632186\" class=\"col small-12 large-12\"  >\n\t\t\t\t<div class=\"col-inner text-center\"  >\n\t\t\t\n\t\t\t\n\n<p style=\"font-weight: 400;\">\n<h2><strong>Desayuno abundante<\/strong><\/h2>\n<\/p>\n<p style=\"font-weight: 400;\">Dulce o salado, qu\u00e9 mejor que un desayuno abundante, con productos frescos, locales y cuidadosamente seleccionados, para empezar bien el d\u00eda. El buffet ofrece una selecci\u00f3n de boller\u00eda, embutidos, l\u00e1cteos, quesos, etc. Previa petici\u00f3n, el hotel ofrece productos especiales para hu\u00e9spedes al\u00e9rgicos o con intolerancia al gluten.<\/p>\n<p style=\"font-weight: 400;\"><strong>Todos los d\u00edas de 7.00 a 10.30 h.<\/strong><\/p>\n<a href=\"http:\/\/www.secure-hotel-booking.com\/Hotel-Merryl\/J1EE\/dateselection?language=ES\" target=\"_blank\" class=\"button primary\" rel=\"noopener\"  >\n\t\t<span>Reservar<\/span>\n\t<\/a>\n\n\n\n\t\t<\/div>\n\t\t\t\t\t<\/div>\n\n\t\n\n<\/div>\n\n\t\t<\/div>\n\n\t\t\n<style>\n#section_1402838263 {\n  padding-top: 30px;\n  padding-bottom: 30px;\n}\n<\/style>\n\t<\/section>\n\t\n\n\t<section class=\"section\" id=\"section_655562370\">\n\t\t<div class=\"section-bg fill\" >\n\t\t\t\t\t\t\t\t\t\n\t\t\t\n\t<div class=\"is-border\"\n\t\tstyle=\"border-width:0px 0px 0px 0px;\">\n\t<\/div>\n\n\t\t<\/div>\n\n\t\t\n\n\t\t<div class=\"section-content relative\">\n\t\t\t\n\n<div class=\"row row-large align-center\"  id=\"row-105602242\">\n\n\n\t<div id=\"col-703775656\" class=\"col medium-2 small-12 large-2\"  >\n\t\t\t\t<div class=\"col-inner text-left\"  >\n\t\t\t\n\t\t\t\n\n<p style=\"text-align: center;\"><i class=\"fa-solid fa-cart-flatbed-suitcase\" style=\"font-size: 48px;\"><\/i><br \/>Almacenamiento de equipaje<\/p>\n\n\t\t<\/div>\n\t\t\t\t\t<\/div>\n\n\t\n\n\t<div id=\"col-1398015526\" class=\"col medium-2 small-12 large-2\"  >\n\t\t\t\t<div class=\"col-inner text-left\"  >\n\t\t\t\n\t\t\t\n\n<p style=\"text-align: center;\"><i class=\"fa-solid fa-baby\" style=\"font-size:48px;\"><\/i><br \/>cama de bebe<\/p>\n\n\t\t<\/div>\n\t\t\t\t\t<\/div>\n\n\t\n\n\t<div id=\"col-488495172\" class=\"col medium-2 small-12 large-2\"  >\n\t\t\t\t<div class=\"col-inner text-left\"  >\n\t\t\t\n\t\t\t\n\n<p style=\"text-align: center;\"><i class=\"fa-solid fa-phone-volume\" style=\"font-size:48px;\"><\/i><br \/>Servicio de despertador<\/p>\n\n\t\t<\/div>\n\t\t\t\t\t<\/div>\n\n\t\n\n\t<div id=\"col-303940409\" class=\"col medium-2 small-12 large-2\"  >\n\t\t\t\t<div class=\"col-inner text-left\"  >\n\t\t\t\n\t\t\t\n\n<p style=\"text-align: center;\"><i class=\"fa-solid fa-taxi\" style=\"font-size:48px;\"><\/i><br \/>Reserva de taxis<\/p>\n\n\t\t<\/div>\n\t\t\t\t\t<\/div>\n\n\t\n\n\t<div id=\"col-790846249\" class=\"col medium-2 small-12 large-2\"  >\n\t\t\t\t<div class=\"col-inner text-left\"  >\n\t\t\t\n\t\t\t\n\n<p style=\"text-align: center;\"><i class=\"fa-solid fa-ticket\" style=\"font-size:48px;\"><\/i><br \/>Reserva de entradas<\/p>\n\n\t\t<\/div>\n\t\t\t\t\t<\/div>\n\n\t\n\n\t<div id=\"col-1381046785\" class=\"col medium-2 small-12 large-2\"  >\n\t\t\t\t<div class=\"col-inner text-left\"  >\n\t\t\t\n\t\t\t\n\n<p style=\"text-align: center;\"><i class=\"fa-solid fa-wheelchair-move\" style=\"font-size:48px;\"><\/i><br \/>Habitaci\u00f3n PMR<\/p>\n\n\t\t<\/div>\n\t\t\t\t\t<\/div>\n\n\t\n\n\t<div id=\"col-1771482646\" class=\"col medium-2 small-12 large-2\"  >\n\t\t\t\t<div class=\"col-inner text-left\"  >\n\t\t\t\n\t\t\t\n\n<p style=\"text-align: center;\"><i class=\"fa-solid fa-newspaper\" style=\"font-size:48px;\"><\/i><br \/>\nPeri\u00f3dicos en l\u00ednea<\/p>\n\n\t\t<\/div>\n\t\t\t\t\t<\/div>\n\n\t\n\n\t<div id=\"col-2001744284\" class=\"col medium-2 small-12 large-2\"  >\n\t\t\t\t<div class=\"col-inner text-left\"  >\n\t\t\t\n\t\t\t\n\n<p style=\"text-align: center;\"><i class=\"fa-solid fa-mug-saucer\" style=\"font-size:48px;\"><\/i><br \/>Caf\u00e9 y t\u00e9 gratis en cualquier momento.<\/p>\n\n\t\t<\/div>\n\t\t\t\t\t<\/div>\n\n\t\n\n\t<div id=\"col-2012904554\" class=\"col medium-2 small-12 large-2\"  >\n\t\t\t\t<div class=\"col-inner text-left\"  >\n\t\t\t\n\t\t\t\n\n<p style=\"text-align: center;\"><i class=\"fa-solid fa-tablet-screen-button\" style=\"font-size:48px;\"><\/i><br \/>Directorio de habitaciones digitales<\/p>\n\n\t\t<\/div>\n\t\t\t\t\t<\/div>\n\n\t\n\n\t<div id=\"col-361147588\" class=\"col medium-2 small-12 large-2\"  >\n\t\t\t\t<div class=\"col-inner text-left\"  >\n\t\t\t\n\t\t\t\n\n<p style=\"text-align: center;\"><i class=\"fa-solid fa-shirt\" style=\"font-size:48px;\"><\/i><br \/>Servicio de lavander\u00eda \/ Plancha<\/p>\n\n\t\t<\/div>\n\t\t\t\t\t<\/div>\n\n\t\n\n<\/div>\n\n\t\t<\/div>\n\n\t\t\n<style>\n#section_655562370 {\n  padding-top: 60px;\n  padding-bottom: 60px;\n  background-color: #f2e6d8;\n}\n<\/style>\n\t<\/section>\n\t\n\n","protected":false},"excerpt":{"rendered":"","protected":false},"author":1,"featured_media":0,"parent":0,"menu_order":0,"comment_status":"closed","ping_status":"closed","template":"page-blank.php","meta":{"footnotes":""},"class_list":["post-286","page","type-page","status-publish","hentry"],"yoast_head":"<!-- This site is optimized with the Yoast SEO plugin v24.8.1 - https:\/\/yoast.com\/wordpress\/plugins\/seo\/ -->\n<title>Servicios del hotel Merryl Paris 18 Gare du Nord<\/title>\n<meta name=\"description\" content=\"Todas las ma\u00f1anas se prepara un desayuno buf\u00e9. La recepci\u00f3n, disponible las 24 horas, le informar\u00e1 de ideas para salidas.\" \/>\n<meta name=\"robots\" content=\"index, follow, max-snippet:-1, max-image-preview:large, max-video-preview:-1\" \/>\n<link rel=\"canonical\" href=\"https:\/\/www.merrylhotel.com\/es\/servicios\/\" \/>\n<meta property=\"og:locale\" content=\"es_ES\" \/>\n<meta property=\"og:type\" content=\"article\" \/>\n<meta property=\"og:title\" content=\"Servicios del hotel Merryl Paris 18 Gare du Nord\" \/>\n<meta property=\"og:description\" content=\"Todas las ma\u00f1anas se prepara un desayuno buf\u00e9. La recepci\u00f3n, disponible las 24 horas, le informar\u00e1 de ideas para salidas.\" \/>\n<meta property=\"og:url\" content=\"https:\/\/www.merrylhotel.com\/es\/servicios\/\" \/>\n<meta property=\"og:site_name\" content=\"H\u00f4tel Merryl\" \/>\n<meta property=\"article:modified_time\" content=\"2025-03-21T14:58:32+00:00\" \/>\n<meta name=\"twitter:card\" content=\"summary_large_image\" \/>\n<meta name=\"twitter:label1\" content=\"Tiempo de lectura\" \/>\n\t<meta name=\"twitter:data1\" content=\"2 minutos\" \/>\n<script type=\"application\/ld+json\" class=\"yoast-schema-graph\">{\"@context\":\"https:\/\/schema.org\",\"@graph\":[{\"@type\":\"WebPage\",\"@id\":\"https:\/\/www.merrylhotel.com\/es\/servicios\/\",\"url\":\"https:\/\/www.merrylhotel.com\/es\/servicios\/\",\"name\":\"Servicios del hotel Merryl Paris 18 Gare du Nord\",\"isPartOf\":{\"@id\":\"https:\/\/www.merrylhotel.com\/#website\"},\"datePublished\":\"2024-11-24T19:03:37+00:00\",\"dateModified\":\"2025-03-21T14:58:32+00:00\",\"description\":\"Todas las ma\u00f1anas se prepara un desayuno buf\u00e9. La recepci\u00f3n, disponible las 24 horas, le informar\u00e1 de ideas para salidas.\",\"breadcrumb\":{\"@id\":\"https:\/\/www.merrylhotel.com\/es\/servicios\/#breadcrumb\"},\"inLanguage\":\"es\",\"potentialAction\":[{\"@type\":\"ReadAction\",\"target\":[\"https:\/\/www.merrylhotel.com\/es\/servicios\/\"]}]},{\"@type\":\"BreadcrumbList\",\"@id\":\"https:\/\/www.merrylhotel.com\/es\/servicios\/#breadcrumb\",\"itemListElement\":[{\"@type\":\"ListItem\",\"position\":1,\"name\":\"Accueil\",\"item\":\"https:\/\/www.merrylhotel.com\/es\/\"},{\"@type\":\"ListItem\",\"position\":2,\"name\":\"Services\"}]},{\"@type\":\"WebSite\",\"@id\":\"https:\/\/www.merrylhotel.com\/#website\",\"url\":\"https:\/\/www.merrylhotel.com\/\",\"name\":\"H\u00f4tel Merryl\",\"description\":\"\",\"potentialAction\":[{\"@type\":\"SearchAction\",\"target\":{\"@type\":\"EntryPoint\",\"urlTemplate\":\"https:\/\/www.merrylhotel.com\/?s={search_term_string}\"},\"query-input\":{\"@type\":\"PropertyValueSpecification\",\"valueRequired\":true,\"valueName\":\"search_term_string\"}}],\"inLanguage\":\"es\"}]}<\/script>\n<!-- \/ Yoast SEO plugin. -->","yoast_head_json":{"title":"Servicios del hotel Merryl Paris 18 Gare du Nord","description":"Todas las ma\u00f1anas se prepara un desayuno buf\u00e9. La recepci\u00f3n, disponible las 24 horas, le informar\u00e1 de ideas para salidas.","robots":{"index":"index","follow":"follow","max-snippet":"max-snippet:-1","max-image-preview":"max-image-preview:large","max-video-preview":"max-video-preview:-1"},"canonical":"https:\/\/www.merrylhotel.com\/es\/servicios\/","og_locale":"es_ES","og_type":"article","og_title":"Servicios del hotel Merryl Paris 18 Gare du Nord","og_description":"Todas las ma\u00f1anas se prepara un desayuno buf\u00e9. La recepci\u00f3n, disponible las 24 horas, le informar\u00e1 de ideas para salidas.","og_url":"https:\/\/www.merrylhotel.com\/es\/servicios\/","og_site_name":"H\u00f4tel Merryl","article_modified_time":"2025-03-21T14:58:32+00:00","twitter_card":"summary_large_image","twitter_misc":{"Tiempo de lectura":"2 minutos"},"schema":{"@context":"https:\/\/schema.org","@graph":[{"@type":"WebPage","@id":"https:\/\/www.merrylhotel.com\/es\/servicios\/","url":"https:\/\/www.merrylhotel.com\/es\/servicios\/","name":"Servicios del hotel Merryl Paris 18 Gare du Nord","isPartOf":{"@id":"https:\/\/www.merrylhotel.com\/#website"},"datePublished":"2024-11-24T19:03:37+00:00","dateModified":"2025-03-21T14:58:32+00:00","description":"Todas las ma\u00f1anas se prepara un desayuno buf\u00e9. La recepci\u00f3n, disponible las 24 horas, le informar\u00e1 de ideas para salidas.","breadcrumb":{"@id":"https:\/\/www.merrylhotel.com\/es\/servicios\/#breadcrumb"},"inLanguage":"es","potentialAction":[{"@type":"ReadAction","target":["https:\/\/www.merrylhotel.com\/es\/servicios\/"]}]},{"@type":"BreadcrumbList","@id":"https:\/\/www.merrylhotel.com\/es\/servicios\/#breadcrumb","itemListElement":[{"@type":"ListItem","position":1,"name":"Accueil","item":"https:\/\/www.merrylhotel.com\/es\/"},{"@type":"ListItem","position":2,"name":"Services"}]},{"@type":"WebSite","@id":"https:\/\/www.merrylhotel.com\/#website","url":"https:\/\/www.merrylhotel.com\/","name":"H\u00f4tel Merryl","description":"","potentialAction":[{"@type":"SearchAction","target":{"@type":"EntryPoint","urlTemplate":"https:\/\/www.merrylhotel.com\/?s={search_term_string}"},"query-input":{"@type":"PropertyValueSpecification","valueRequired":true,"valueName":"search_term_string"}}],"inLanguage":"es"}]}},"_links":{"self":[{"href":"https:\/\/www.merrylhotel.com\/es\/wp-json\/wp\/v2\/pages\/286","targetHints":{"allow":["GET"]}}],"collection":[{"href":"https:\/\/www.merrylhotel.com\/es\/wp-json\/wp\/v2\/pages"}],"about":[{"href":"https:\/\/www.merrylhotel.com\/es\/wp-json\/wp\/v2\/types\/page"}],"author":[{"embeddable":true,"href":"https:\/\/www.merrylhotel.com\/es\/wp-json\/wp\/v2\/users\/1"}],"replies":[{"embeddable":true,"href":"https:\/\/www.merrylhotel.com\/es\/wp-json\/wp\/v2\/comments?post=286"}],"version-history":[{"count":7,"href":"https:\/\/www.merrylhotel.com\/es\/wp-json\/wp\/v2\/pages\/286\/revisions"}],"predecessor-version":[{"id":396,"href":"https:\/\/www.merrylhotel.com\/es\/wp-json\/wp\/v2\/pages\/286\/revisions\/396"}],"wp:attachment":[{"href":"https:\/\/www.merrylhotel.com\/es\/wp-json\/wp\/v2\/media?parent=286"}],"curies":[{"name":"wp","href":"https:\/\/api.w.org\/{rel}","templated":true}]}}