{"id":282,"date":"2024-11-24T19:05:22","date_gmt":"2024-11-24T18:05:22","guid":{"rendered":"https:\/\/merrylhotel.com\/new\/chambres\/"},"modified":"2025-04-18T08:46:23","modified_gmt":"2025-04-18T06:46:23","slug":"habitaciones","status":"publish","type":"page","link":"https:\/\/www.merrylhotel.com\/es\/habitaciones\/","title":{"rendered":"Chambres"},"content":{"rendered":"\n\n\t<section class=\"section\" id=\"section_351181064\">\n\t\t<div class=\"section-bg fill\" >\n\t\t\t\t\t\t\t\t\t\n\t\t\t\n\n\t\t<\/div>\n\n\t\t\n\n\t\t<div class=\"section-content relative\">\n\t\t\t\n\n<div class=\"row row-collapse row-full-width\"  id=\"row-1342731411\">\n\n\n\t<div id=\"col-2134163545\" class=\"col small-12 large-12\"  data-animate=\"fadeInUp\">\n\t\t\t\t<div class=\"col-inner\"  >\n\t\t\t\n\t\t\t\n\n\n  <div class=\"banner has-hover\" id=\"banner-733186604\">\n          <div class=\"banner-inner fill\">\n        <div class=\"banner-bg fill\" >\n            <img decoding=\"async\" width=\"1020\" height=\"680\" src=\"https:\/\/www.merrylhotel.com\/wp-content\/uploads\/2024\/11\/HOTEL-MERRYL_CHAMBRE17_2-1024x683.jpg\" class=\"bg attachment-large size-large\" alt=\"\" \/>                                    \n                    <\/div>\n\t\t\n        <div class=\"banner-layers container\">\n            <div class=\"fill banner-link\"><\/div>            \n\n   <div id=\"text-box-2081028632\" class=\"text-box banner-layer x50 md-x50 lg-x50 y50 md-y50 lg-y50 res-text\">\n                                <div class=\"text-box-content text dark\">\n              \n              <div class=\"text-inner text-center\">\n                  \n\n\n              <\/div>\n           <\/div>\n                            \n<style>\n#text-box-2081028632 {\n  width: 60%;\n}\n#text-box-2081028632 .text-box-content {\n  font-size: 100%;\n}\n<\/style>\n    <\/div>\n \n\n        <\/div>\n      <\/div>\n\n            \n<style>\n#banner-733186604 {\n  padding-top: 300px;\n}\n@media (min-width:550px) {\n  #banner-733186604 {\n    padding-top: 420px;\n  }\n}\n<\/style>\n  <\/div>\n\n\n\n\t\t<\/div>\n\t\t\t\t\t<\/div>\n\n\t\n\n<\/div>\n\n\t\t<\/div>\n\n\t\t\n<style>\n#section_351181064 {\n  padding-top: 0px;\n  padding-bottom: 0px;\n}\n<\/style>\n\t<\/section>\n\t\n<div class=\"resa-home\">\r\n<h3>Reserva directamente<\/h3>\r\n<form id=\"AVP\" method=\"post\" action=\"https:\/\/www.secure-hotel-booking.com\/Hotel-Merryl\/J1EE\/search\" onsubmit=\"if(_gaq!=null)_gaq.push(['_linkByPost', this]);\" target=\"_blank\"><input type=\"hidden\" id=\"language\" name=\"language\" value=\"es\" \/><input type=\"hidden\" id=\"AVP_arrivalDate\" name=\"arrivalDate\" value=\"\" \/><input type=\"hidden\" id=\"AVP_nights\" name=\"nights\" value=\"\" \/><input type=\"hidden\" id=\"guestCountSelector\" name=\"guestCountSelector\" value=\"ReadOnly\" \/><\/p>\r\n<div class=\"input-resa-home\"><input id=\"date\" class=\"asDatePicker\" name=\"date-arrivee\" type=\"text\" placeholder=\"Fecha de llegada\" \/><i class=\"fa fa-calendar\"><\/i><\/div>\r\n<div class=\"input-resa-home\"><input id=\"date2\" class=\"asDatePicker\" name=\"date-depart\" type=\"text\" placeholder=\"Fecha de salida\" \/><i class=\"fa fa-calendar\"><\/i><\/div>\r\n<div class=\"input-resa-home\"><i class=\"fa fa-user\"><\/i><select id=\"selectedAdultCount\" name=\"selectedAdultCount\"><\/select><\/div>\r\n<div class=\"input-resa-home\"><input type=\"text\" id=\"rate\" name=\"rate\" value=\"\" placeholder=\"C\u00d3DIGO PROMOCIONAL\" onClick=\"javascript:value=''\" class=\"promo-code\" \/><\/div>\r\n<div class=\"input-resa-home\"><input type=\"submit\" value=\"Reservar\" onclick=\"validate();\" \/><\/div>\r\n<div class=\"cancel-resa\"><a href=\"https:\/\/www.secure-hotel-booking.com\/modification\/Hotel-Merryl\/J1EE?language=es\" target=\"_blank\" rel=\"noopener\">Cancelar<\/a> <\/div>\r\n<p><script type=\"text\/javascript\" src=\"https:\/\/merrylhotel.com\/availpro\/availpro.js\"><\/script><script src=\"https:\/\/merrylhotel.com\/availpro\/jquery-ui.js\"><\/script><script src=\"https:\/\/merrylhotel.com\/availpro\/i18n\/datepicker-es.js\"><\/script><link rel=\"stylesheet\" id=\"jquery-ui-css\" href=\"https:\/\/merrylhotel.com\/availpro\/jquery-ui.css\" \/>\r\n<\/form>\r\n<h3 class=\"avantages\">Mejor precio garantizado<\/h3>\r\n<\/div>\n\n\n\t<section class=\"section\" id=\"section_697850283\">\n\t\t<div class=\"section-bg fill\" >\n\t\t\t\t\t\t\t\t\t\n\t\t\t\n\t<div class=\"is-border\"\n\t\tstyle=\"border-width:0px 0px 0px 0px;\">\n\t<\/div>\n\n\t\t<\/div>\n\n\t\t\n\n\t\t<div class=\"section-content relative\">\n\t\t\t\n\n<div class=\"row align-middle align-center\"  id=\"row-734700782\">\n\n\n\t<div id=\"col-559493890\" class=\"col medium-12 small-12 large-12\"  data-animate=\"fadeInLeft\">\n\t\t\t\t<div class=\"col-inner text-center text-shadow-1\"  >\n\t\t\t\n\t\t\t\n\n<p style=\"font-weight: 400; text-align: left;\">\n<h1 style=\"color:#6f7e7b;\">NUESTRAS HABITACIONES<\/h1>\n<p>Nuestro hotel dispone de 35 habitaciones divididas en dos edificios, uno accesible mediante ascensor y el otro mediante escaleras..<\/p>\n<p>Nuestro hotel dispone de una habitaci\u00f3n especialmente equipada para personas con movilidad reducida (PMR). C\u00f3moda y accesible, esta habitaci\u00f3n est\u00e1 equipada para satisfacer todas sus necesidades y garantizarle una estancia agradable.<\/p>\n\n\n\t\t<\/div>\n\t\t\t\t\n<style>\n#col-559493890 > .col-inner {\n  padding: 30px 50px 30px 50px;\n  max-width: 550px;\n}\n@media (min-width:850px) {\n  #col-559493890 > .col-inner {\n    padding: 30px 50px 30px 50px;\n    max-width: 100%;\n  }\n}\n<\/style>\n\t<\/div>\n\n\t\n\n<\/div>\n\n\t\t<\/div>\n\n\t\t\n<style>\n#section_697850283 {\n  padding-top: 60px;\n  padding-bottom: 60px;\n  background-color: #fffbf2;\n}\n<\/style>\n\t<\/section>\n\t\n\n\t<section class=\"section\" id=\"section_407851217\">\n\t\t<div class=\"section-bg fill\" >\n\t\t\t\t\t\t\t\t\t\n\t\t\t\n\n\t\t<\/div>\n\n\t\t\n\n\t\t<div class=\"section-content relative\">\n\t\t\t\n\n<div class=\"row row-full-width align-middle align-center\"  id=\"row-18020646\">\n\n\n\t<div id=\"col-1945767855\" class=\"col small-12 large-12\"  >\n\t\t\t\t<div class=\"col-inner\"  >\n\t\t\t\n\t\t\t\n\n  <div class=\"banner-grid-wrapper\">\n  <div id=\"banner-grid-1468668625\" class=\"banner-grid row row-grid row-small row-full-width\" data-packery-options=\"\">\n                      \n\n<div class=\"col grid-col medium-6 small-12 large-6 grid-col-1-2\" data-animate=\"fadeInDown\"><div class=\"col-inner\">\n\n\n  <div class=\"banner has-hover bg-grayscale\" id=\"banner-1484955090\">\n          <div class=\"banner-inner fill\">\n        <div class=\"banner-bg fill\" >\n            <img decoding=\"async\" width=\"1020\" height=\"679\" src=\"https:\/\/www.merrylhotel.com\/wp-content\/uploads\/2024\/11\/560937857-1024x682.jpg\" class=\"bg attachment-large size-large\" alt=\"\" \/>                                    \n                    <\/div>\n\t\t\n        <div class=\"banner-layers container\">\n            <div class=\"fill banner-link\"><\/div>            \n\n   <div id=\"text-box-2136159301\" class=\"text-box banner-layer x10 md-x10 lg-x10 y50 md-y50 lg-y50 res-text\">\n                     <div data-animate=\"fadeInLeft\">           <div class=\"text-box-content text dark\">\n              \n              <div class=\"text-inner text-center\">\n                  \n\n\t<div id=\"text-444467672\" class=\"text\">\n\t\t\n\n<h3 class=\"uppercase\">INDIVIDUAL<\/h3>\n<p style=\"text-align: center;\">1 persona &#8211; 1 cama individual<\/p>\n\t\t\n<style>\n#text-444467672 {\n  font-size: 0.8rem;\n  color: #f5f4f0;\n}\n#text-444467672 > * {\n  color: #f5f4f0;\n}\n<\/style>\n\t<\/div>\n\t\n<a href=\"https:\/\/www.secure-hotel-booking.com\/d-edge\/Hotel-Merryl\/J1EE\/es\/\" target=\"_blank\" class=\"button primary is-xlarge\" rel=\"noopener\"  >\n\t\t<span>Reservar<\/span>\n\t<\/a>\n\n\n\n              <\/div>\n           <\/div>\n       <\/div>                     \n<style>\n#text-box-2136159301 {\n  width: 80%;\n}\n#text-box-2136159301 .text-box-content {\n  font-size: 100%;\n}\n@media (min-width:550px) {\n  #text-box-2136159301 {\n    width: 80%;\n  }\n}\n<\/style>\n    <\/div>\n \n\n        <\/div>\n      <\/div>\n\n            \n<style>\n#banner-1484955090 {\n  padding-top: 500px;\n}\n<\/style>\n  <\/div>\n\n\n\n<\/div><\/div>\n<div class=\"col grid-col medium-6 small-12 large-6 grid-col-1-2\" data-animate=\"fadeInRight\"><div class=\"col-inner\">\n\n\n  <div class=\"banner has-hover bg-grayscale\" id=\"banner-1014286006\">\n          <div class=\"banner-inner fill\">\n        <div class=\"banner-bg fill\" >\n            <img decoding=\"async\" width=\"1020\" height=\"680\" src=\"https:\/\/www.merrylhotel.com\/wp-content\/uploads\/2024\/11\/HOTEL-MERRYL_CHAMBRE12_1-1024x683.jpg\" class=\"bg attachment-large size-large\" alt=\"\" \/>                                    \n                    <\/div>\n\t\t\n        <div class=\"banner-layers container\">\n            <div class=\"fill banner-link\"><\/div>            \n\n   <div id=\"text-box-916849431\" class=\"text-box banner-layer x90 md-x90 lg-x90 y50 md-y50 lg-y50 res-text\">\n                                <div class=\"text-box-content text dark\">\n              \n              <div class=\"text-inner text-center\">\n                  \n\n\t<div id=\"text-3577377439\" class=\"text\">\n\t\t\n\n<h3 class=\"uppercase\">DOBLE<\/h3>\n<p style=\"text-align: center;\">2 personas &#8211; 1 cama doble<\/p>\n\t\t\n<style>\n#text-3577377439 {\n  font-size: 0.8rem;\n  color: #f5f4f0;\n}\n#text-3577377439 > * {\n  color: #f5f4f0;\n}\n<\/style>\n\t<\/div>\n\t\n<a href=\"https:\/\/www.secure-hotel-booking.com\/d-edge\/Hotel-Merryl\/J1EE\/es\/\" target=\"_blank\" class=\"button primary is-xlarge\" rel=\"noopener\"  >\n\t\t<span>Reservar<\/span>\n\t<\/a>\n\n\n\n              <\/div>\n           <\/div>\n                            \n<style>\n#text-box-916849431 {\n  width: 80%;\n}\n#text-box-916849431 .text-box-content {\n  font-size: 100%;\n}\n@media (min-width:550px) {\n  #text-box-916849431 {\n    width: 80%;\n  }\n}\n<\/style>\n    <\/div>\n \n\n        <\/div>\n      <\/div>\n\n            \n<style>\n#banner-1014286006 {\n  padding-top: 500px;\n}\n<\/style>\n  <\/div>\n\n\n\n<\/div><\/div>\n<div class=\"col grid-col medium-6 small-12 large-6 grid-col-1-2\" data-animate=\"fadeInUp\"><div class=\"col-inner\">\n\n\n  <div class=\"banner has-hover bg-grayscale\" id=\"banner-172523251\">\n          <div class=\"banner-inner fill\">\n        <div class=\"banner-bg fill\" >\n            <img decoding=\"async\" width=\"1020\" height=\"679\" src=\"https:\/\/www.merrylhotel.com\/wp-content\/uploads\/2024\/11\/560938238-1024x682.jpg\" class=\"bg attachment-large size-large\" alt=\"\" \/>                                    \n                    <\/div>\n\t\t\n        <div class=\"banner-layers container\">\n            <div class=\"fill banner-link\"><\/div>            \n\n   <div id=\"text-box-389907016\" class=\"text-box banner-layer x10 md-x10 lg-x10 y50 md-y50 lg-y50 res-text\">\n                     <div data-animate=\"fadeInLeft\">           <div class=\"text-box-content text dark\">\n              \n              <div class=\"text-inner text-center\">\n                  \n\n\t<div id=\"text-959575789\" class=\"text\">\n\t\t\n\n<h3 class=\"uppercase\">TWIN<\/h3>\n<p style=\"text-align: center;\">2 personas &#8211; 2 camas individuales<\/p>\n\t\t\n<style>\n#text-959575789 {\n  font-size: 0.8rem;\n  color: #f5f4f0;\n}\n#text-959575789 > * {\n  color: #f5f4f0;\n}\n<\/style>\n\t<\/div>\n\t\n<a href=\"https:\/\/www.secure-hotel-booking.com\/d-edge\/Hotel-Merryl\/J1EE\/es\/\" target=\"_blank\" class=\"button primary is-xlarge\" rel=\"noopener\"  >\n\t\t<span>Reservar<\/span>\n\t<\/a>\n\n\n\n              <\/div>\n           <\/div>\n       <\/div>                     \n<style>\n#text-box-389907016 {\n  width: 80%;\n}\n#text-box-389907016 .text-box-content {\n  font-size: 100%;\n}\n@media (min-width:550px) {\n  #text-box-389907016 {\n    width: 80%;\n  }\n}\n<\/style>\n    <\/div>\n \n\n        <\/div>\n      <\/div>\n\n            \n<style>\n#banner-172523251 {\n  padding-top: 500px;\n}\n<\/style>\n  <\/div>\n\n\n\n<\/div><\/div>\n<div class=\"col grid-col medium-6 small-12 large-6 grid-col-1-2\" data-animate=\"fadeInRight\"><div class=\"col-inner\">\n\n\n  <div class=\"banner has-hover\" id=\"banner-2097210581\">\n          <div class=\"banner-inner fill\">\n        <div class=\"banner-bg fill\" >\n            <img decoding=\"async\" width=\"1020\" height=\"680\" src=\"https:\/\/www.merrylhotel.com\/wp-content\/uploads\/2024\/11\/HOTEL-MERRYL_CHAMBRE17_2-1024x683.jpg\" class=\"bg attachment-large size-large\" alt=\"\" \/>                                    \n                    <\/div>\n\t\t\n        <div class=\"banner-layers container\">\n            <div class=\"fill banner-link\"><\/div>            \n\n   <div id=\"text-box-1324811080\" class=\"text-box banner-layer x90 md-x90 lg-x90 y50 md-y50 lg-y50 res-text\">\n                                <div class=\"text-box-content text dark\">\n              \n              <div class=\"text-inner text-center\">\n                  \n\n\t<div id=\"text-1265323952\" class=\"text\">\n\t\t\n\n<h3 class=\"uppercase\">TRIPLE<\/h3>\n<p style=\"text-align: center;\">3 personas &#8211; 1 cama doble y 1 cama individual<\/p>\n\t\t\n<style>\n#text-1265323952 {\n  font-size: 0.8rem;\n  color: #f5f4f0;\n}\n#text-1265323952 > * {\n  color: #f5f4f0;\n}\n<\/style>\n\t<\/div>\n\t\n<a href=\"https:\/\/www.secure-hotel-booking.com\/d-edge\/Hotel-Merryl\/J1EE\/es\/\" target=\"_blank\" class=\"button primary is-xlarge\" rel=\"noopener\"  >\n\t\t<span>Reservar<\/span>\n\t<\/a>\n\n\n\n              <\/div>\n           <\/div>\n                            \n<style>\n#text-box-1324811080 {\n  width: 80%;\n}\n#text-box-1324811080 .text-box-content {\n  font-size: 100%;\n}\n@media (min-width:550px) {\n  #text-box-1324811080 {\n    width: 80%;\n  }\n}\n<\/style>\n    <\/div>\n \n\n        <\/div>\n      <\/div>\n\n            \n<style>\n#banner-2097210581 {\n  padding-top: 500px;\n}\n<\/style>\n  <\/div>\n\n\n\n<\/div><\/div>\n\n            <\/div>\n    <style>\n    #banner-grid-1468668625 .grid-col-1{height: 600px}\n    #banner-grid-1468668625 .grid-col-1-2{height: 300px}\n    #banner-grid-1468668625 .grid-col-1-3{height:200px}\n    #banner-grid-1468668625 .grid-col-2-3{height: 400px}\n    #banner-grid-1468668625 .grid-col-1-4{height: 150px}\n    #banner-grid-1468668625 .grid-col-3-4{height: 450px}\n\n\n    \n    \n\n  <\/style>\n    <\/div>\n  \n\n\t\t<\/div>\n\t\t\t\t\t<\/div>\n\n\t\n\n<\/div>\n\n\t\t<\/div>\n\n\t\t\n<style>\n#section_407851217 {\n  padding-top: 20px;\n  padding-bottom: 20px;\n  background-color: rgb(255,255,255);\n}\n<\/style>\n\t<\/section>\n\t\n\n\t<section class=\"section\" id=\"section_2132574541\">\n\t\t<div class=\"section-bg fill\" >\n\t\t\t\t\t\t\t\t\t\n\t\t\t\n\t<div class=\"is-border\"\n\t\tstyle=\"border-width:0px 0px 0px 0px;\">\n\t<\/div>\n\n\t\t<\/div>\n\n\t\t\n\n\t\t<div class=\"section-content relative\">\n\t\t\t\n\n<div class=\"row align-center\"  id=\"row-344985788\">\n\n\n\t<div id=\"col-630483933\" class=\"col medium-12 small-12 large-6\"  data-animate=\"fadeInLeft\">\n\t\t\t\t<div class=\"col-inner text-center text-shadow-1\"  >\n\t\t\t\n\t\t\t\n\n<p style=\"font-weight: 400; text-align: left;\"><strong>Equipamiento de las habitaciones :<\/strong><\/p>\n<ul>\n<li style=\"font-weight: 400; text-align: left;\"><i class=\"fa fa-check\"><\/i> Ba\u00f1o privado<\/li>\n<li style=\"font-weight: 400; text-align: left;\"><i class=\"fa fa-check\"><\/i> TV de pantalla plana v\u00eda sat\u00e9lite<\/li>\n<li style=\"font-weight: 400; text-align: left;\"><i class=\"fa fa-check\"><\/i> Escritorio<\/li>\n<li style=\"font-weight: 400; text-align: left;\"><i class=\"fa fa-check\"><\/i> Caja fuerte<\/li>\n<li style=\"font-weight: 400; text-align: left;\"><i class=\"fa fa-check\"><\/i> Aseo<\/li>\n<li style=\"font-weight: 400; text-align: left;\"><i class=\"fa fa-check\"><\/i> Ducha <\/li>\n<li style=\"font-weight: 400; text-align: left;\"><i class=\"fa fa-check\"><\/i> Art\u00edculos de aseo gratuitos<\/li>\n<li style=\"font-weight: 400; text-align: left;\"><i class=\"fa fa-check\"><\/i> Ropa de hogar<\/li>\n<li style=\"font-weight: 400; text-align: left;\"><i class=\"fa fa-check\"><\/i> Armario o ropero<\/li>\n<li style=\"font-weight: 400; text-align: left;\"><i class=\"fa fa-check\"><\/i> Enchufe junto a la cama<\/li>\n<li style=\"font-weight: 400; text-align: left;\"><i class=\"fa fa-check\"><\/i> Papel higi\u00e9nico, toallas y secador de pelo<\/li>\n<\/ul>\n\n\t\t<\/div>\n\t\t\t\t\n<style>\n#col-630483933 > .col-inner {\n  padding: 30px 50px 30px 50px;\n  max-width: 550px;\n}\n@media (min-width:850px) {\n  #col-630483933 > .col-inner {\n    padding: 30px 50px 30px 50px;\n    max-width: 100%;\n  }\n}\n<\/style>\n\t<\/div>\n\n\t\n\n\t<div id=\"col-1797416515\" class=\"col medium-12 small-12 large-6\"  data-animate=\"fadeInLeft\">\n\t\t\t\t<div class=\"col-inner text-center text-shadow-1\"  >\n\t\t\t\n\t\t\t\n\n<p style=\"font-weight: 400; text-align: left;\"><strong>Para las familias<\/strong><\/p>\n<ul style=\"font-weight: 400;\">\n<li style=\"text-align: left;\"><i class=\"fa fa-check\"><\/i> 1 regalo por ni\u00f1o a la llegada<\/li>\n<li style=\"text-align: left;\"><i class=\"fa fa-check\"><\/i> Cuna gratuita<\/li>\n<li style=\"text-align: left;\"><i class=\"fa fa-check\"><\/i> Microondas a petici\u00f3n<\/li>\n<li style=\"text-align: left;\"><i class=\"fa fa-check\"><\/i> Juegos de mesa para toda la familia<\/li>\n<\/ul>\n\n\t\t<\/div>\n\t\t\t\t\n<style>\n#col-1797416515 > .col-inner {\n  padding: 30px 50px 30px 50px;\n  max-width: 550px;\n}\n@media (min-width:850px) {\n  #col-1797416515 > .col-inner {\n    padding: 30px 50px 30px 50px;\n    max-width: 100%;\n  }\n}\n<\/style>\n\t<\/div>\n\n\t\n\n<\/div>\n\n\t\t<\/div>\n\n\t\t\n<style>\n#section_2132574541 {\n  padding-top: 60px;\n  padding-bottom: 60px;\n  background-color: #f2e6d8;\n}\n<\/style>\n\t<\/section>\n\t\n\n","protected":false},"excerpt":{"rendered":"","protected":false},"author":1,"featured_media":0,"parent":0,"menu_order":0,"comment_status":"closed","ping_status":"closed","template":"page-blank.php","meta":{"footnotes":""},"class_list":["post-282","page","type-page","status-publish","hentry"],"yoast_head":"<!-- This site is optimized with the Yoast SEO plugin v24.8.1 - https:\/\/yoast.com\/wordpress\/plugins\/seo\/ -->\n<title>Las habitaciones del hotel Merryl Paris Gare du Nord<\/title>\n<meta name=\"description\" content=\"Las habitaciones, decoradas con sencillez, est\u00e1n equipadas con TV y tel\u00e9fono. Todas disponen de ba\u00f1o privado con secador de pelo.\" \/>\n<meta name=\"robots\" content=\"index, follow, max-snippet:-1, max-image-preview:large, max-video-preview:-1\" \/>\n<link rel=\"canonical\" href=\"https:\/\/www.merrylhotel.com\/es\/habitaciones\/\" \/>\n<meta property=\"og:locale\" content=\"es_ES\" \/>\n<meta property=\"og:type\" content=\"article\" \/>\n<meta property=\"og:title\" content=\"Las habitaciones del hotel Merryl Paris Gare du Nord\" \/>\n<meta property=\"og:description\" content=\"Las habitaciones, decoradas con sencillez, est\u00e1n equipadas con TV y tel\u00e9fono. Todas disponen de ba\u00f1o privado con secador de pelo.\" \/>\n<meta property=\"og:url\" content=\"https:\/\/www.merrylhotel.com\/es\/habitaciones\/\" \/>\n<meta property=\"og:site_name\" content=\"H\u00f4tel Merryl\" \/>\n<meta property=\"article:modified_time\" content=\"2025-04-18T06:46:23+00:00\" \/>\n<meta name=\"twitter:card\" content=\"summary_large_image\" \/>\n<meta name=\"twitter:label1\" content=\"Tiempo de lectura\" \/>\n\t<meta name=\"twitter:data1\" content=\"2 minutos\" \/>\n<script type=\"application\/ld+json\" class=\"yoast-schema-graph\">{\"@context\":\"https:\/\/schema.org\",\"@graph\":[{\"@type\":\"WebPage\",\"@id\":\"https:\/\/www.merrylhotel.com\/es\/habitaciones\/\",\"url\":\"https:\/\/www.merrylhotel.com\/es\/habitaciones\/\",\"name\":\"Las habitaciones del hotel Merryl Paris Gare du Nord\",\"isPartOf\":{\"@id\":\"https:\/\/www.merrylhotel.com\/#website\"},\"datePublished\":\"2024-11-24T18:05:22+00:00\",\"dateModified\":\"2025-04-18T06:46:23+00:00\",\"description\":\"Las habitaciones, decoradas con sencillez, est\u00e1n equipadas con TV y tel\u00e9fono. Todas disponen de ba\u00f1o privado con secador de pelo.\",\"breadcrumb\":{\"@id\":\"https:\/\/www.merrylhotel.com\/es\/habitaciones\/#breadcrumb\"},\"inLanguage\":\"es\",\"potentialAction\":[{\"@type\":\"ReadAction\",\"target\":[\"https:\/\/www.merrylhotel.com\/es\/habitaciones\/\"]}]},{\"@type\":\"BreadcrumbList\",\"@id\":\"https:\/\/www.merrylhotel.com\/es\/habitaciones\/#breadcrumb\",\"itemListElement\":[{\"@type\":\"ListItem\",\"position\":1,\"name\":\"Accueil\",\"item\":\"https:\/\/www.merrylhotel.com\/es\/\"},{\"@type\":\"ListItem\",\"position\":2,\"name\":\"Chambres\"}]},{\"@type\":\"WebSite\",\"@id\":\"https:\/\/www.merrylhotel.com\/#website\",\"url\":\"https:\/\/www.merrylhotel.com\/\",\"name\":\"H\u00f4tel Merryl\",\"description\":\"\",\"potentialAction\":[{\"@type\":\"SearchAction\",\"target\":{\"@type\":\"EntryPoint\",\"urlTemplate\":\"https:\/\/www.merrylhotel.com\/?s={search_term_string}\"},\"query-input\":{\"@type\":\"PropertyValueSpecification\",\"valueRequired\":true,\"valueName\":\"search_term_string\"}}],\"inLanguage\":\"es\"}]}<\/script>\n<!-- \/ Yoast SEO plugin. -->","yoast_head_json":{"title":"Las habitaciones del hotel Merryl Paris Gare du Nord","description":"Las habitaciones, decoradas con sencillez, est\u00e1n equipadas con TV y tel\u00e9fono. Todas disponen de ba\u00f1o privado con secador de pelo.","robots":{"index":"index","follow":"follow","max-snippet":"max-snippet:-1","max-image-preview":"max-image-preview:large","max-video-preview":"max-video-preview:-1"},"canonical":"https:\/\/www.merrylhotel.com\/es\/habitaciones\/","og_locale":"es_ES","og_type":"article","og_title":"Las habitaciones del hotel Merryl Paris Gare du Nord","og_description":"Las habitaciones, decoradas con sencillez, est\u00e1n equipadas con TV y tel\u00e9fono. Todas disponen de ba\u00f1o privado con secador de pelo.","og_url":"https:\/\/www.merrylhotel.com\/es\/habitaciones\/","og_site_name":"H\u00f4tel Merryl","article_modified_time":"2025-04-18T06:46:23+00:00","twitter_card":"summary_large_image","twitter_misc":{"Tiempo de lectura":"2 minutos"},"schema":{"@context":"https:\/\/schema.org","@graph":[{"@type":"WebPage","@id":"https:\/\/www.merrylhotel.com\/es\/habitaciones\/","url":"https:\/\/www.merrylhotel.com\/es\/habitaciones\/","name":"Las habitaciones del hotel Merryl Paris Gare du Nord","isPartOf":{"@id":"https:\/\/www.merrylhotel.com\/#website"},"datePublished":"2024-11-24T18:05:22+00:00","dateModified":"2025-04-18T06:46:23+00:00","description":"Las habitaciones, decoradas con sencillez, est\u00e1n equipadas con TV y tel\u00e9fono. Todas disponen de ba\u00f1o privado con secador de pelo.","breadcrumb":{"@id":"https:\/\/www.merrylhotel.com\/es\/habitaciones\/#breadcrumb"},"inLanguage":"es","potentialAction":[{"@type":"ReadAction","target":["https:\/\/www.merrylhotel.com\/es\/habitaciones\/"]}]},{"@type":"BreadcrumbList","@id":"https:\/\/www.merrylhotel.com\/es\/habitaciones\/#breadcrumb","itemListElement":[{"@type":"ListItem","position":1,"name":"Accueil","item":"https:\/\/www.merrylhotel.com\/es\/"},{"@type":"ListItem","position":2,"name":"Chambres"}]},{"@type":"WebSite","@id":"https:\/\/www.merrylhotel.com\/#website","url":"https:\/\/www.merrylhotel.com\/","name":"H\u00f4tel Merryl","description":"","potentialAction":[{"@type":"SearchAction","target":{"@type":"EntryPoint","urlTemplate":"https:\/\/www.merrylhotel.com\/?s={search_term_string}"},"query-input":{"@type":"PropertyValueSpecification","valueRequired":true,"valueName":"search_term_string"}}],"inLanguage":"es"}]}},"_links":{"self":[{"href":"https:\/\/www.merrylhotel.com\/es\/wp-json\/wp\/v2\/pages\/282","targetHints":{"allow":["GET"]}}],"collection":[{"href":"https:\/\/www.merrylhotel.com\/es\/wp-json\/wp\/v2\/pages"}],"about":[{"href":"https:\/\/www.merrylhotel.com\/es\/wp-json\/wp\/v2\/types\/page"}],"author":[{"embeddable":true,"href":"https:\/\/www.merrylhotel.com\/es\/wp-json\/wp\/v2\/users\/1"}],"replies":[{"embeddable":true,"href":"https:\/\/www.merrylhotel.com\/es\/wp-json\/wp\/v2\/comments?post=282"}],"version-history":[{"count":6,"href":"https:\/\/www.merrylhotel.com\/es\/wp-json\/wp\/v2\/pages\/282\/revisions"}],"predecessor-version":[{"id":418,"href":"https:\/\/www.merrylhotel.com\/es\/wp-json\/wp\/v2\/pages\/282\/revisions\/418"}],"wp:attachment":[{"href":"https:\/\/www.merrylhotel.com\/es\/wp-json\/wp\/v2\/media?parent=282"}],"curies":[{"name":"wp","href":"https:\/\/api.w.org\/{rel}","templated":true}]}}